{"id":4324,"date":"2018-01-05T16:24:30","date_gmt":"2018-01-05T15:24:30","guid":{"rendered":"http:\/\/castello.dev01.it\/terms-and-conditions\/"},"modified":"2018-01-15T12:05:25","modified_gmt":"2018-01-15T11:05:25","slug":"condizioni-generali-di-vendita","status":"publish","type":"page","link":"https:\/\/castellomonterone.com\/it\/condizioni-generali-di-vendita\/","title":{"rendered":"Condizioni generali di vendita"},"content":{"rendered":"<p>L\u2019offerta e la vendita di servizi effettuata sul sito web www.castellomonterone.com sono regolate dalle presenti Condizioni Generali di Vendita. Il Cliente \u00e8 tenuto, prima di inoltrare il proprio Ordine d\u2019acquisto, a leggere accuratamente le presenti condizioni generali di vendita. L\u2019inoltro dell\u2019Ordine di acquisto implica l\u2019integrale conoscenza ed espressa accettazione sia delle suddette Condizioni Generali di Vendita che di quanto indicato nel Modulo d\u2019Ordine. Il Cliente \u00e8 tenuto, una volta conclusa la procedura d\u2019acquisto on line, a stampare e conservare le presenti Condizioni Generali di Vendita ed il relativo Modulo d\u2019Ordine, gi\u00e0 visionati ed accettati.<\/p>\n<h2>1. OGGETTO<\/h2>\n<p>Le presenti Condizioni Generali di Vendita hanno per oggetto la vendita di servizi effettuata online tramite servizio di commercio elettronico su www.castellomonterone.com.<\/p>\n<h2>2. SOGGETTI<\/h2>\n<p>2.1 I prodotti sono venduti direttamente dalla societ\u00e0 <strong>ANGEI s.p.a.<\/strong> con Sede Legale in Corso P. Vannucci 47, 06121, Perugia, Partita IVA 026294172530540.<\/p>\n<p>Per qualsiasi richiesta o informazioni, \u00e8 possibile contattare il venditore:<\/p>\n<ul>\n<li>via mail al seguente indirizzo:\u00a0<a href=\"mailto:info@castellomonterone.it\">info@castellomonterone.it<\/a><\/li>\n<li>via telefono: <a href=\"tel:00390755724214\">+39\u00a0075 5724214<\/a><\/li>\n<\/ul>\n<p>2.2 I servizi sono venduti al Cliente identificato dai dati inseriti all\u2019atto della compilazione ed invio del modulo d\u2019Ordine in formato elettronico con contestuale accettazione delle presenti Condizioni Generali di Vendita.<\/p>\n<p>2.3 Le offerte di servizi presenti sul sito www.castellomonterone.com si rivolgono esclusivamente a Clienti maggiorenni.<br \/>\nSe hai meno di 18 anni per poter acquistare sul sito www.castellomonterone.com devi prima avere il consenso di uno dei tuoi genitori o di un tutore legale.<\/p>\n<p>Ricorda: questo vale sempre, non solo per il nostro sito, ma per tutti i siti che visiti in Internet: quando navigando in Internet vedi o ti vengono richieste informazioni che non capisci o non ti sono chiare chiedi sempre aiuto ai tuoi genitori.<\/p>\n<p>Realizzando un Ordine attraverso questo sito web, ci garantisci di essere maggiore di et\u00e0 (18 anni) e di possedere la capacit\u00e0 legale di stipulare contratti vincolanti.<\/p>\n<p>2.4 Al Cliente \u00e8 fatto divieto di inserire nomi falsi, e\/o inventati, e\/o di fantasia, nella procedura di Ordine on-line e nelle ulteriori comunicazioni. Il Venditore si riserva di perseguire legalmente ogni violazione ed abuso, nell\u2019interesse e per la tutela dei consumatori tutti.<\/p>\n<p>2.5 Accettando queste Condizioni di Vendita, inoltre, il Cliente esonera il Venditore da ogni responsabilit\u00e0 derivante dall\u2019emissione di documenti fiscali errati a causa di errori relativi ai dati forniti al momento dell\u2019inserimento dell\u2019Ordine online, essendo il Cliente l\u2019unico responsabile del loro corretto inserimento.<\/p>\n<h2>3. LA VENDITA TRAMITE SERVIZIO DI COMMERCIO ELETTRONICO<\/h2>\n<p>3.1 Per contratto di vendita online si intende il contratto a distanza avente ad oggetto la vendita di beni mobili (di seguito Servizi) stipulato tra il Cliente, e ANGEI spa, in qualit\u00e0 di Venditore, nell\u2019ambito di un servizio di commercio elettronico organizzato dal Venditore che, per tale scopo, impiega la tecnologia di comunicazione a distanza denominata Internet.<\/p>\n<p>3.2 Per concludere il contratto di acquisto di uno o pi\u00f9 Servizi, il Cliente dovr\u00e0 compilare il modulo d\u2019Ordine in formato elettronico (d\u2019ora in avanti Ordine) e trasmetterlo al Venditore attraverso Internet seguendo le relative istruzioni.<\/p>\n<p>3.3 Nell\u2019Ordine sono contenuti:<\/p>\n<ul>\n<li>un rinvio alle presenti Condizioni Generali di Vendita;<\/li>\n<li>informazioni di ciascun servizio ed il relativo prezzo;<\/li>\n<li>i mezzi di pagamento che potrai utilizzare;<\/li>\n<li>le modalit\u00e0 di consegna dei Servizi acquistati e gli eventuali e relativi costi di spedizione e consegna;<\/li>\n<li>un rimando alle condizioni per l\u2019esercizio del tuo diritto di recesso;<\/li>\n<\/ul>\n<p>3.4 Nonostante www.castellomonterone.com adotti costantemente misure volte ad assicurare che le fotografie mostrate sul Sito siano riproduzioni fedeli dei servizi originali, ivi inclusa l\u2019adozione di ogni soluzione tecnologica possibile per ridurre al minimo le imprecisioni, sono sempre possibili alcune variazioni a causa delle caratteristiche tecniche e delle caratteristiche di risoluzione dei colori di cui \u00e8 dotato il computer da te utilizzato. Di conseguenza, il Venditore non sar\u00e0 responsabile dell\u2019eventuale inadeguatezza delle rappresentazioni grafiche di prodotti mostrati sul Sito qualora dovuta alle suddette ragioni tecniche, dal momento che tali rappresentazioni hanno meramente funzione illustrativa.<\/p>\n<p>3.5 Prima di concludere il contratto, sar\u00e0 chiesto al Cliente di confermare l\u2019avvenuta lettura delle Condizioni Generali di Vendita comprensive dell\u2019Informativa sul diritto di recesso e del trattamento dei dati personali.<\/p>\n<p>3.6 Il contratto \u00e8 concluso quando il Venditore riceve attraverso Internet il Modulo d\u2019Ordine inviato dal Cliente, previa verifica della correttezza dei dati relativi all\u2019Ordine stesso.<\/p>\n<p>3.7 La lingua a disposizione per concludere il contratto con il Venditore \u00e8 l\u2019italiano e la legge applicabile \u00e8 quella italiana.<\/p>\n<p>3.8 Concluso il contratto, il Venditore prender\u00e0 in carico l\u2019Ordine per la sua evasione.<\/p>\n<h2>4. EVASIONE DELL\u2019ORDINE<\/h2>\n<p>4.1 Con la trasmissione attraverso Internet dell\u2019Ordine, il Cliente accetta incondizionatamente e si impegna ad osservare, nei rapporti con il Venditore, le presenti Condizioni Generali di Vendita.<\/p>\n<p>4.2 Concluso il contratto, il Venditore trasmetter\u00e0 al Cliente, per posta elettronica, una Conferma dell\u2019Ordine, contenente un riepilogo delle informazioni gi\u00e0 contenute nell\u2019Ordine descritte nei paragrafi 3.3, 3.4 e 3.5.<\/p>\n<p>4.3 Se espressamente indicato al momento dell\u2019acquisto, seguir\u00e0 la consegna di un voucher che attester\u00e0 l\u2019acquisto del Servizio, tale voucher avr\u00e0 un codice alfanumerico che dovr\u00e0 essere sempre indicato in ogni comunicazione con il Venditore.<\/p>\n<p>4.4 Resta ferma la possibilit\u00e0, da parte del Venditore, prima di inviare la Conferma dell\u2019Ordine, di richiedere via e-mail o al numero telefonico indicato dal Cliente, ulteriori informazioni con riferimento all\u2019Ordine inviato attraverso Internet.<\/p>\n<p>4.5 Il Venditore potr\u00e0 non dar corso a ordini d\u2019acquisto che non diano sufficienti garanzie di solvibilit\u00e0 o che risultino incompleti o non corretti ovvero in caso di indisponibilit\u00e0 dei prodotti. In questi casi, provvederemo ad informare il Cliente per posta elettronica che il contratto non \u00e8 concluso e che il Venditore non ha dato seguito all\u2019Ordine specificandone i motivi. In tale ipotesi la somma precedentemente impegnata sul mezzo di pagamento del Cliente verr\u00e0 disimpegnata e rimborsata.<\/p>\n<p>4.6 Qualora i servizi, presentati sul sito web, non siano pi\u00f9 disponibili o in vendita successivamente all\u2019invio dell\u2019Ordine, sar\u00e0 cura del Venditore comunicare, tempestivamente ed in ogni caso entro trenta (30) giorni lavorativi a decorrere dal giorno successivo a quello in cui il Cliente avr\u00e0 trasmesso l\u2019Ordine al Venditore, l\u2019eventuale indisponibilit\u00e0 dei servizi ordinati. In tale ipotesi la somma precedentemente impegnata sul mezzo di pagamento del Cliente verr\u00e0 disimpegnata e rimborsata.<\/p>\n<p>4.7 Ciascuna vendita effettuata dal Venditore tramite il servizio di vendita online potr\u00e0 riguardare uno o pi\u00f9 servizi, senza limite di quantit\u00e0 per ogni articolo.<\/p>\n<p>4.8 ANGEI spa si riserva il diritto di rifiutare ordini provenienti da un Cliente con cui sia in corso un contenzioso legale relativo ad un precedente Ordine. Ci\u00f2 si applica ugualmente a tutti i casi in cui ANGEI spa ritenga il Cliente inidoneo, ivi incluso, a titolo esemplificativo, il caso di precedenti violazioni di condizioni di contratto per l\u2019acquisto online sul Sito o per qualsivoglia altra legittima motivazione, soprattutto qualora il Cliente sia stato coinvolto in attivit\u00e0 fraudolente di qualsiasi genere.<\/p>\n<h2>5. PREZZI DI VENDITA<\/h2>\n<p>5.1 Salvo diversa indicazione scritta, tutti i prezzi dei Servizi e delle spese di spedizione e consegna indicati sul sito web e nell\u2019Ordine sono da ritenersi IVA inclusa ed espressi in Euro. La validit\u00e0 dei prezzi indicati \u00e8 sempre e solamente quella indicata dal sito web nel momento della trasmissione dell\u2019Ordine attraverso Internet. I prezzi dei Servizi e delle spese di spedizione e consegna possono variare senza obbligo di preavviso. Invitiamo i nostri Clienti ad accertarsi del prezzo finale di vendita prima di inoltrare il relativo Ordine.<\/p>\n<p>5.2 Tutti i Servizi\/Prodotti vengono spediti direttamente dall\u2019Italia. I prezzi dei Servizi e delle spese di spedizione e di consegna indicati sul sito web e nell\u2019Ordine, qualora non specificato diversamente, sono da ritenersi non comprensivi di eventuali costi connessi a dazi doganali e relative tasse qualora la spedizione avvenga in Paesi extra-UE ovvero nei Paesi in cui la normativa vigente preveda oneri di importazione.<\/p>\n<p>5.3 Questi costi sono quindi a carico del Cliente e dovranno essere corrisposti direttamente al momento della consegna dei Servizi, secondo le indicazioni specificate nella Conferma dell\u2019Ordine.<\/p>\n<p>5.4 Se il cliente extra-UE non pagher\u00e0 eventuali costi connessi a dazi doganali e relative tasse e quindi rifiuter\u00e0 la merce, la spesa per il rientro dei beni in Italia verr\u00e0 interamente addebitata al cliente.<\/p>\n<p>5.5 L\u2019elenco dei Paesi in cui \u00e8 possibile richiedere una spedizione \u00e8 consultabile durante il procedimento di invio dell\u2019Ordine.<\/p>\n<h2>6. MODALIT\u00c0 DI PAGAMENTO<\/h2>\n<p>Il pagamento dovr\u00e0 essere effettuato entro e non oltre i 5 giorni lavorativi seguenti la conferma d\u2019Ordine, in caso contrario il contratto deve intendersi automaticamente risolto e inefficace ed il Cliente ricever\u00e0 una mail di annullamento dell\u2019Ordine. Il pagamento del prezzo dei Prodotti e delle relative spese di spedizione e consegna potr\u00e0 essere effettuato con le modalit\u00e0 indicate nel modulo d\u2019Ordine del sito www.castellomonterone.com e che qui di seguito sono riepilogate.<\/p>\n<h3>6.1 Bonifico bancario<\/h3>\n<p>6.1.1 Per ordini online sul nostro sito \u00e8 possibile pagare con bonifici bancari anticipati. I prodotti verranno spediti solo dopo che ANGEI spa vedr\u00e0 visualizzato l\u2019accredito sul proprio conto corrente.<\/p>\n<p>6.1.2 La causale del bonifico dovr\u00e0 indicare i seguenti dati:<br \/>\nNome e cognome di chi ha effettuato l\u2019Ordine &#8211; Numero d\u2019Ordine &#8211; Data dell\u2019Ordine<\/p>\n<h3>6.2 Carte di credito e carte prepagate<\/h3>\n<p>6.2.1 Per ordini online sul nostro sito accettiamo sia pagamenti con carta di credito che con carte prepagate (per esempio, PostePay) attraverso la piattaforma PayPal, senza alcun onere aggiuntivo sul costo del servizio e della spedizione. Resta inteso che il Cliente dovr\u00e0 essere titolare di una carta di credito in corso di validit\u00e0 all\u2019atto dell\u2019Ordine dei Servizi acquistati online e che il nominativo riportato sulla carta di credito dovr\u00e0 essere il medesimo indicato sui dati di fatturazione. In assenza di tali presupposti non sar\u00e0 possibile procedere con l\u2019Ordine.<\/p>\n<p>6.2.2 Al momento dell\u2019acquisto online, contestualmente alla Conferma dell\u2019Ordine, l\u2019importo verr\u00e0 immediatamente addebitato sulla carta di credito.<\/p>\n<p>6.2.3 Se, per qualsiasi motivo il Cliente intenda avvalersi del diritto di recesso, a seguito dell\u2019avvenuto pagamento dei servizi acquistati online, il Venditore dar\u00e0 incarico all\u2019istituto bancario di accreditare l\u2019importo da rimborsare direttamente sulla carta di credito del Cliente.<\/p>\n<h3>6.3 PayPal<\/h3>\n<p>6.3.1 Se il Cliente dispone di un account PayPal, ANGEI spa d\u00e0 la possibilit\u00e0 di effettuare pagamenti utilizzando direttamente l\u2019email e la relativa password con cui il Cliente si \u00e8 registrato su www.paypal.com.<\/p>\n<p>6.3.2 Al momento dell\u2019acquisto online, contestualmente alla Conferma dell\u2019Ordine, l\u2019importo verr\u00e0 immediatamente addebitato sulla carta di credito.<\/p>\n<p>6.4 In nessun momento della procedura di acquisto ANGEI spa \u00e8 in grado di conoscere le informazioni relative alla carta di credito del Cliente (ad esempio, il numero della carta di credito o la data della sua scadenza), trasmesse tramite connessione protetta da protocollo crittografato direttamente al sito del soggetto che gestisce il pagamento elettronico (istituto bancario o a PayPal). Nessun archivio informatico del Venditore conserver\u00e0 tali dati. In nessun caso il Venditore pu\u00f2 quindi essere ritenuto responsabile per l\u2019eventuale uso fraudolento e indebito di carte di credito e prepagate da parte di terzi.<\/p>\n<h2>7. SPEDIZIONI E CONSEGNA DEI PRODOTTI<\/h2>\n<p>7.1 Ogni spedizione avviene tramite mail e contiene:<\/p>\n<ul>\n<li>i\/il prodotti\/o ordinati\/o;<\/li>\n<li>il relativo documento di trasporto \/fattura accompagnatoria;<\/li>\n<li>eventuale documentazione accompagnatoria richiesta in base al Paese di spedizione;<\/li>\n<li>eventuale materiale informativo e di marketing.<\/li>\n<\/ul>\n<p>7.2 I prodotti acquistati saranno consegnati dal corriere individuato dal Venditore all\u2019indirizzo di spedizione indicato dal Cliente sull\u2019Ordine con spedizione assicurata.<\/p>\n<p>7.3 Al momento della ricezione della merce al proprio domicilio, chiediamo al Cliente di verificare l\u2019integrit\u00e0 dei colli nel momento della consegna da parte del corriere. In caso di anomalie il Cliente dovr\u00e0 far rilevare ed annotare esattamente le stesse dal corriere e respingere la consegna. Diversamente decadr\u00e0 la possibilit\u00e0 del Cliente di far valere i diritti in proposito.<\/p>\n<h2>8. DIRITTO DI RECESSO<\/h2>\n<p>8.1 Il Cliente avr\u00e0 il diritto di recedere dal contratto concluso con il Venditore come da riferimento legislativo (D. Lgsl. 206\/2005), senza alcuna penalit\u00e0 e senza specificarne il motivo, entro il termine di quattordici (14) giorni di calendario, decorrenti dal giorno del ricevimento della mail con i servizi acquistati sul sito web.<\/p>\n<p>8.2 Il reso va richiesto e deve essere autorizzato. Il Cliente deve inviare una richiesta all\u2019indirizzo <a href=\"mailto:info@castellomonterone.it\">info@castellomonterone.it<\/a> con soggetto \u201cReso Voucher n\u00b0\u201d, indicando il proprio numero di voucher. Il Cliente dovr\u00e0 specificare nella e-mail i codici del servizio che vuole restituire. Nel caso di esercizio del diritto di recesso senza il rispetto delle modalit\u00e0 sopra indicate, il Venditore \u00e8 autorizzato a non accettare il reso.<\/p>\n<p>8.3 La spedizione degli articoli resi, salvo articoli difettati ed autorizzati direttamente dal Venditore, sar\u00e0 interamente a carico del cliente.<\/p>\n<p>8.5 In caso di rimborso, il Venditore \u00e8 tenuto a effettuarlo entro e non oltre 14 giorni dal ricevimento da parte del Cliente dei prodotti restituiti. Normalmente il riaccredito da parte di ANGEI spa dell\u2019importo inizialmente prelevato avviene molto celermente, ma i tempi in base ai quali il riaccredito sar\u00e0 effettivamente visibile sul conto corrente del Cliente dipender\u00e0 dal servizio bancario utilizzato.<\/p>\n<p>8.6 In caso di reso le uniche spese a carico del Cliente resteranno quelle di spedizione dell\u2019Ordine dei prodotti acquistati.<\/p>\n<p>8.7 Il Diritto di recesso non pu\u00f2 essere applicato nel caso di prodotti personalizzati su esplicita richiesta del Cliente al momento dell\u2019inserimento dell\u2019Ordine.<\/p>\n<h2>9. CONTATTI<\/h2>\n<p>Per qualsiasi richiesta di informazione, puoi contattare ANGEI spa:<\/p>\n<ul>\n<li>via mail al seguente indirizzo: <a href=\"mailto:info@castellomonterone.it\">info@castellomonterone.it<\/a><\/li>\n<li>via telefono: <a href=\"tel:00390755724214\">+39 075 5724214<\/a><\/li>\n<\/ul>\n<h2>10. COMUNICAZIONI AL CLIENTE<\/h2>\n<p>Il Cliente prende atto, accetta e d\u00e0 il suo consenso al fatto che tutte le comunicazioni, notificazioni, attestazioni, informazioni, rendicontazioni e comunque ogni documentazione sulle operazioni eseguite, riferite all\u2019acquisto dei Prodotti, verranno inviate all\u2019indirizzo di posta elettronica indicato al momento della registrazione, con possibilit\u00e0 di scaricare le informazioni su supporto duraturo nei modi e nei limiti previsti dal Sito.<\/p>\n<h2>11. LEGGE APPLICABILE, SOLUZIONE DELLE CONTROVERSIE E FORO COMPETENTE<\/h2>\n<p>Le presenti Condizioni Generali di Vendita sono disciplinate dal diritto italiano e saranno interpretate in base ad esso, fatta salva qualsiasi diversa norma imperativa prevalente del paese di residenza abituale del Cliente. Di conseguenza l\u2019interpretazione, esecuzione e risoluzione delle Condizioni Generali di Vendita sono soggette esclusivamente alla legge Italiana ed eventuali controversie inerenti e\/o conseguenti alle stesse dovranno essere risolte in via esclusiva dall\u2019autorit\u00e0 giurisdizionale Italiana. In particolare, qualora il Cliente rivesta la qualifica di Consumatore, le eventuali controversie dovranno essere risolte dal tribunale del luogo di domicilio o residenza dello stesso in base alla legge applicabile oppure, a scelta del consumatore in caso di azione intrapresa dal consumatore stesso, dal Tribunale di Perugia. Qualora il Cliente agisca invece nell\u2019esercizio della propria attivit\u00e0 imprenditoriale, commerciale, artigianale o professionale, le parti consensualmente stabiliscono la competenza esclusiva del Foro di Perugia.<\/p>\n<h2>12. MODIFICA E AGGIORNAMENTO<\/h2>\n<p>Il Venditore pu\u00f2 apportare modifiche o emendamenti alle presenti Condizioni Generali di Vendita in qualsiasi momento. Pertanto, sar\u00e0 richiesto al Cliente di accettare esclusivamente le Condizioni Generali di Vendita in vigore al momento del relativo acquisto. Le nuove Condizioni Generali di Vendita saranno efficaci dalla data di pubblicazione sul sito web www.castellomonterone.com ed in relazione ad ordini di acquisto presentati successivamente a tale data.<\/p>\n","protected":false},"excerpt":{"rendered":"<p>L\u2019offerta e la vendita di servizi effettuata sul sito web www.castellomonterone.com sono regolate dalle presenti Condizioni Generali di Vendita. Il Cliente \u00e8 tenuto, prima di inoltrare il proprio Ordine d\u2019acquisto, a leggere accuratamente le presenti condizioni generali di vendita. L\u2019inoltro &hellip; <a href=\"https:\/\/castellomonterone.com\/it\/condizioni-generali-di-vendita\/\">Read More<\/a><\/p>\n","protected":false},"author":2,"featured_media":0,"parent":0,"menu_order":69,"comment_status":"closed","ping_status":"closed","template":"","meta":[],"_links":{"self":[{"href":"https:\/\/castellomonterone.com\/it\/wp-json\/wp\/v2\/pages\/4324"}],"collection":[{"href":"https:\/\/castellomonterone.com\/it\/wp-json\/wp\/v2\/pages"}],"about":[{"href":"https:\/\/castellomonterone.com\/it\/wp-json\/wp\/v2\/types\/page"}],"author":[{"embeddable":true,"href":"https:\/\/castellomonterone.com\/it\/wp-json\/wp\/v2\/users\/2"}],"replies":[{"embeddable":true,"href":"https:\/\/castellomonterone.com\/it\/wp-json\/wp\/v2\/comments?post=4324"}],"version-history":[{"count":3,"href":"https:\/\/castellomonterone.com\/it\/wp-json\/wp\/v2\/pages\/4324\/revisions"}],"predecessor-version":[{"id":4358,"href":"https:\/\/castellomonterone.com\/it\/wp-json\/wp\/v2\/pages\/4324\/revisions\/4358"}],"wp:attachment":[{"href":"https:\/\/castellomonterone.com\/it\/wp-json\/wp\/v2\/media?parent=4324"}],"curies":[{"name":"wp","href":"https:\/\/api.w.org\/{rel}","templated":true}]}}